{"id":21,"date":"2021-11-02T05:53:08","date_gmt":"2021-11-02T05:53:08","guid":{"rendered":"https:\/\/wpocean.com\/wp\/plumco\/?page_id=21"},"modified":"2025-01-19T19:22:30","modified_gmt":"2025-01-19T19:22:30","slug":"services","status":"publish","type":"page","link":"https:\/\/erbilisitma.com\/?page_id=21","title":{"rendered":"Hizmetlerimiz"},"content":{"rendered":"\t\t<div data-elementor-type=\"wp-page\" data-elementor-id=\"21\" class=\"elementor elementor-21\">\n\t\t\t\t<div class=\"elementor-element elementor-element-1d05ca9 e-flex e-con-boxed e-con e-parent\" data-id=\"1d05ca9\" data-element_type=\"container\">\n\t\t\t\t\t<div class=\"e-con-inner\">\n\t\t<div class=\"elementor-element elementor-element-cb4ab59 e-con-full e-flex e-con e-child\" data-id=\"cb4ab59\" data-element_type=\"container\">\n\t\t\t\t<div class=\"elementor-element elementor-element-cfccda6 elementor-widget elementor-widget-image\" data-id=\"cfccda6\" data-element_type=\"widget\" data-widget_type=\"image.default\">\n\t\t\t\t<div class=\"elementor-widget-container\">\n\t\t\t\t\t\t\t\t\t\t\t\t\t\t\t<img fetchpriority=\"high\" decoding=\"async\" width=\"800\" height=\"600\" src=\"https:\/\/erbilisitma.com\/wp-content\/uploads\/2025\/01\/km.webp\" class=\"attachment-large size-large wp-image-799\" alt=\"\" srcset=\"https:\/\/erbilisitma.com\/wp-content\/uploads\/2025\/01\/km.webp 800w, https:\/\/erbilisitma.com\/wp-content\/uploads\/2025\/01\/km-300x225.webp 300w, https:\/\/erbilisitma.com\/wp-content\/uploads\/2025\/01\/km-768x576.webp 768w\" sizes=\"(max-width: 800px) 100vw, 800px\" \/>\t\t\t\t\t\t\t\t\t\t\t\t\t\t\t<\/div>\n\t\t\t\t<\/div>\n\t\t\t\t<div class=\"elementor-element elementor-element-6b412a0 elementor-widget elementor-widget-heading\" data-id=\"6b412a0\" data-element_type=\"widget\" data-widget_type=\"heading.default\">\n\t\t\t\t<div class=\"elementor-widget-container\">\n\t\t\t\t\t<h5 class=\"elementor-heading-title elementor-size-default\">Klima Sat\u0131\u015f ve Servisi<\/h5>\t\t\t\t<\/div>\n\t\t\t\t<\/div>\n\t\t\t\t<\/div>\n\t\t<div class=\"elementor-element elementor-element-6bfa339 e-con-full e-flex e-con e-child\" data-id=\"6bfa339\" data-element_type=\"container\">\n\t\t\t\t<div class=\"elementor-element elementor-element-0bba6c1 elementor-widget elementor-widget-image\" data-id=\"0bba6c1\" data-element_type=\"widget\" data-widget_type=\"image.default\">\n\t\t\t\t<div class=\"elementor-widget-container\">\n\t\t\t\t\t\t\t\t\t\t\t\t\t\t\t<img decoding=\"async\" width=\"800\" height=\"600\" src=\"https:\/\/erbilisitma.com\/wp-content\/uploads\/2025\/01\/bm.webp\" class=\"attachment-large size-large wp-image-818\" alt=\"\" srcset=\"https:\/\/erbilisitma.com\/wp-content\/uploads\/2025\/01\/bm.webp 800w, https:\/\/erbilisitma.com\/wp-content\/uploads\/2025\/01\/bm-300x225.webp 300w, https:\/\/erbilisitma.com\/wp-content\/uploads\/2025\/01\/bm-768x576.webp 768w\" sizes=\"(max-width: 800px) 100vw, 800px\" \/>\t\t\t\t\t\t\t\t\t\t\t\t\t\t\t<\/div>\n\t\t\t\t<\/div>\n\t\t\t\t<div class=\"elementor-element elementor-element-04b16cc elementor-widget elementor-widget-heading\" data-id=\"04b16cc\" data-element_type=\"widget\" data-widget_type=\"heading.default\">\n\t\t\t\t<div class=\"elementor-widget-container\">\n\t\t\t\t\t<h5 class=\"elementor-heading-title elementor-size-default\">Klima Bak\u0131m ve Ar\u0131za<\/h5>\t\t\t\t<\/div>\n\t\t\t\t<\/div>\n\t\t\t\t<\/div>\n\t\t<div class=\"elementor-element elementor-element-50208ab e-con-full e-flex e-con e-child\" data-id=\"50208ab\" data-element_type=\"container\">\n\t\t\t\t<div class=\"elementor-element elementor-element-c2db192 elementor-widget elementor-widget-image\" data-id=\"c2db192\" data-element_type=\"widget\" data-widget_type=\"image.default\">\n\t\t\t\t<div class=\"elementor-widget-container\">\n\t\t\t\t\t\t\t\t\t\t\t\t\t\t\t<img decoding=\"async\" width=\"800\" height=\"600\" src=\"https:\/\/erbilisitma.com\/wp-content\/uploads\/2025\/01\/kyp.webp\" class=\"attachment-large size-large wp-image-878\" alt=\"\" srcset=\"https:\/\/erbilisitma.com\/wp-content\/uploads\/2025\/01\/kyp.webp 800w, https:\/\/erbilisitma.com\/wp-content\/uploads\/2025\/01\/kyp-300x225.webp 300w, https:\/\/erbilisitma.com\/wp-content\/uploads\/2025\/01\/kyp-768x576.webp 768w\" sizes=\"(max-width: 800px) 100vw, 800px\" \/>\t\t\t\t\t\t\t\t\t\t\t\t\t\t\t<\/div>\n\t\t\t\t<\/div>\n\t\t\t\t<div class=\"elementor-element elementor-element-edb656f elementor-widget elementor-widget-heading\" data-id=\"edb656f\" data-element_type=\"widget\" data-widget_type=\"heading.default\">\n\t\t\t\t<div class=\"elementor-widget-container\">\n\t\t\t\t\t<h5 class=\"elementor-heading-title elementor-size-default\">Klima Yedek Par\u00e7a<\/h5>\t\t\t\t<\/div>\n\t\t\t\t<\/div>\n\t\t\t\t<\/div>\n\t\t<div class=\"elementor-element elementor-element-05e41c5 e-con-full e-flex e-con e-child\" data-id=\"05e41c5\" data-element_type=\"container\">\n\t\t\t\t<div class=\"elementor-element elementor-element-04e1d5d elementor-widget elementor-widget-image\" data-id=\"04e1d5d\" data-element_type=\"widget\" data-widget_type=\"image.default\">\n\t\t\t\t<div class=\"elementor-widget-container\">\n\t\t\t\t\t\t\t\t\t\t\t\t\t\t\t<img loading=\"lazy\" decoding=\"async\" width=\"800\" height=\"600\" src=\"https:\/\/erbilisitma.com\/wp-content\/uploads\/2025\/01\/kc.webp\" class=\"attachment-large size-large wp-image-819\" alt=\"\" srcset=\"https:\/\/erbilisitma.com\/wp-content\/uploads\/2025\/01\/kc.webp 800w, https:\/\/erbilisitma.com\/wp-content\/uploads\/2025\/01\/kc-300x225.webp 300w, https:\/\/erbilisitma.com\/wp-content\/uploads\/2025\/01\/kc-768x576.webp 768w\" sizes=\"(max-width: 800px) 100vw, 800px\" \/>\t\t\t\t\t\t\t\t\t\t\t\t\t\t\t<\/div>\n\t\t\t\t<\/div>\n\t\t\t\t<div class=\"elementor-element elementor-element-86581f0 elementor-widget elementor-widget-heading\" data-id=\"86581f0\" data-element_type=\"widget\" data-widget_type=\"heading.default\">\n\t\t\t\t<div class=\"elementor-widget-container\">\n\t\t\t\t\t<h5 class=\"elementor-heading-title elementor-size-default\">Kombi Servisi<\/h5>\t\t\t\t<\/div>\n\t\t\t\t<\/div>\n\t\t\t\t<\/div>\n\t\t<div class=\"elementor-element elementor-element-5b2ddfb e-con-full e-flex e-con e-child\" data-id=\"5b2ddfb\" data-element_type=\"container\">\n\t\t\t\t<div class=\"elementor-element elementor-element-1335539 elementor-widget elementor-widget-image\" data-id=\"1335539\" data-element_type=\"widget\" data-widget_type=\"image.default\">\n\t\t\t\t<div class=\"elementor-widget-container\">\n\t\t\t\t\t\t\t\t\t\t\t\t\t\t\t<img loading=\"lazy\" decoding=\"async\" width=\"800\" height=\"600\" src=\"https:\/\/erbilisitma.com\/wp-content\/uploads\/2025\/01\/kombi.webp\" class=\"attachment-large size-large wp-image-879\" alt=\"\" srcset=\"https:\/\/erbilisitma.com\/wp-content\/uploads\/2025\/01\/kombi.webp 800w, https:\/\/erbilisitma.com\/wp-content\/uploads\/2025\/01\/kombi-300x225.webp 300w, https:\/\/erbilisitma.com\/wp-content\/uploads\/2025\/01\/kombi-768x576.webp 768w\" sizes=\"(max-width: 800px) 100vw, 800px\" \/>\t\t\t\t\t\t\t\t\t\t\t\t\t\t\t<\/div>\n\t\t\t\t<\/div>\n\t\t\t\t<div class=\"elementor-element elementor-element-4e1ee20 elementor-widget elementor-widget-heading\" data-id=\"4e1ee20\" data-element_type=\"widget\" data-widget_type=\"heading.default\">\n\t\t\t\t<div class=\"elementor-widget-container\">\n\t\t\t\t\t<h5 class=\"elementor-heading-title elementor-size-default\">Kombi Orjinal ve Yedek Par\u00e7a<\/h5>\t\t\t\t<\/div>\n\t\t\t\t<\/div>\n\t\t\t\t<\/div>\n\t\t<div class=\"elementor-element elementor-element-fd3b714 e-con-full e-flex e-con e-child\" data-id=\"fd3b714\" data-element_type=\"container\">\n\t\t\t\t<div class=\"elementor-element elementor-element-d9d438d elementor-widget elementor-widget-image\" data-id=\"d9d438d\" data-element_type=\"widget\" data-widget_type=\"image.default\">\n\t\t\t\t<div class=\"elementor-widget-container\">\n\t\t\t\t\t\t\t\t\t\t\t\t\t\t\t<img loading=\"lazy\" decoding=\"async\" width=\"800\" height=\"600\" src=\"https:\/\/erbilisitma.com\/wp-content\/uploads\/2025\/01\/kombi_petek.webp\" class=\"attachment-large size-large wp-image-881\" alt=\"\" srcset=\"https:\/\/erbilisitma.com\/wp-content\/uploads\/2025\/01\/kombi_petek.webp 800w, https:\/\/erbilisitma.com\/wp-content\/uploads\/2025\/01\/kombi_petek-300x225.webp 300w, https:\/\/erbilisitma.com\/wp-content\/uploads\/2025\/01\/kombi_petek-768x576.webp 768w\" sizes=\"(max-width: 800px) 100vw, 800px\" \/>\t\t\t\t\t\t\t\t\t\t\t\t\t\t\t<\/div>\n\t\t\t\t<\/div>\n\t\t\t\t<div class=\"elementor-element elementor-element-f1a775a elementor-widget elementor-widget-heading\" data-id=\"f1a775a\" data-element_type=\"widget\" data-widget_type=\"heading.default\">\n\t\t\t\t<div class=\"elementor-widget-container\">\n\t\t\t\t\t<h5 class=\"elementor-heading-title elementor-size-default\">Kombi ve Petek Bak\u0131mlar\u0131\u200b<\/h5>\t\t\t\t<\/div>\n\t\t\t\t<\/div>\n\t\t\t\t<\/div>\n\t\t\t\t\t<\/div>\n\t\t\t\t<\/div>\n\t\t\t\t<\/div>\n\t\t","protected":false},"excerpt":{"rendered":"Klima Sat\u0131\u015f ve Servisi Klima Bak\u0131m ve Ar\u0131za Klima Yedek Par\u00e7a Kombi Servisi Kombi Orjinal ve Yedek Par\u00e7a Kombi ve Petek Bak\u0131mlar\u0131\u200b","protected":false},"author":1,"featured_media":0,"parent":0,"menu_order":0,"comment_status":"closed","ping_status":"closed","template":"elementor_header_footer","meta":{"footnotes":""},"class_list":["post-21","page","type-page","status-publish","hentry"],"_links":{"self":[{"href":"https:\/\/erbilisitma.com\/index.php?rest_route=\/wp\/v2\/pages\/21","targetHints":{"allow":["GET"]}}],"collection":[{"href":"https:\/\/erbilisitma.com\/index.php?rest_route=\/wp\/v2\/pages"}],"about":[{"href":"https:\/\/erbilisitma.com\/index.php?rest_route=\/wp\/v2\/types\/page"}],"author":[{"embeddable":true,"href":"https:\/\/erbilisitma.com\/index.php?rest_route=\/wp\/v2\/users\/1"}],"replies":[{"embeddable":true,"href":"https:\/\/erbilisitma.com\/index.php?rest_route=%2Fwp%2Fv2%2Fcomments&post=21"}],"version-history":[{"count":11,"href":"https:\/\/erbilisitma.com\/index.php?rest_route=\/wp\/v2\/pages\/21\/revisions"}],"predecessor-version":[{"id":897,"href":"https:\/\/erbilisitma.com\/index.php?rest_route=\/wp\/v2\/pages\/21\/revisions\/897"}],"wp:attachment":[{"href":"https:\/\/erbilisitma.com\/index.php?rest_route=%2Fwp%2Fv2%2Fmedia&parent=21"}],"curies":[{"name":"wp","href":"https:\/\/api.w.org\/{rel}","templated":true}]}}