{"id":17,"date":"2021-11-02T05:52:42","date_gmt":"2021-11-02T05:52:42","guid":{"rendered":"https:\/\/wpocean.com\/wp\/plumco\/?page_id=17"},"modified":"2025-01-19T19:22:27","modified_gmt":"2025-01-19T19:22:27","slug":"about","status":"publish","type":"page","link":"https:\/\/erbilisitma.com\/?page_id=17","title":{"rendered":"Hakk\u0131m\u0131zda"},"content":{"rendered":"\t\t<div data-elementor-type=\"wp-page\" data-elementor-id=\"17\" class=\"elementor elementor-17\">\n\t\t\t\t\t\t<section class=\"elementor-section elementor-top-section elementor-element elementor-element-26e0cae elementor-section-full_width elementor-section-height-default elementor-section-height-default\" data-id=\"26e0cae\" data-element_type=\"section\">\n\t\t\t\t\t\t<div class=\"elementor-container elementor-column-gap-no\">\n\t\t\t\t\t<div class=\"elementor-column elementor-col-100 elementor-top-column elementor-element elementor-element-08d907c\" data-id=\"08d907c\" data-element_type=\"column\">\n\t\t\t<div class=\"elementor-widget-wrap elementor-element-populated\">\n\t\t\t\t\t\t<div class=\"elementor-element elementor-element-50ecdcf elementor-widget elementor-widget-wpo-plumco_about\" data-id=\"50ecdcf\" data-element_type=\"widget\" data-settings=\"{&quot;about_image&quot;:{&quot;url&quot;:&quot;https:\\\/\\\/erbilisitma.com\\\/wp-content\\\/uploads\\\/2025\\\/01\\\/heatingcooler.webp&quot;,&quot;id&quot;:821,&quot;size&quot;:&quot;&quot;,&quot;alt&quot;:&quot;&quot;,&quot;source&quot;:&quot;library&quot;}}\" data-widget_type=\"wpo-plumco_about.default\">\n\t\t\t\t<div class=\"elementor-widget-container\">\n\t\t\t\t\t\t\t<div class=\"wpo-about-section about-section-s3\">\n\t\t\t<div class=\"container\">\n\t\t\t\t<div class=\"row\">\n\t\t\t\t\t<div class=\"col-lg-6 col-md-12 col-12\">\n\t\t\t\t\t\t<div class=\"about-thumnail\">\n\t\t\t\t\t\t\t<img decoding=\"async\" src=\"https:\/\/erbilisitma.com\/wp-content\/uploads\/2025\/01\/heatingcooler.webp\" alt=\"\">\t\t\t\t\t\t<\/div>\n\t\t\t\t\t<\/div>\n\t\t\t\t\t<div class=\"col-lg-6 col-md-12 col-12\">\n\t\t\t\t\t\t<div class=\"wpo-about-text\">\n\t\t\t\t\t\t\t<span>Hakk\u0131m\u0131zda<\/span><h2>G\u00fcvenin ve Kalitenin Ad\u0131<\/h2>\t\t\t\t\t\t\t<div class=\"about-content\">\n\t\t\t\t\t\t\t\t<p>ismailerbil.com, \u0131s\u0131tma ve so\u011futma sekt\u00f6r\u00fcnde 10 y\u0131ll\u0131k deneyime sahip\u00a0<strong>Erbil Is\u0131tma So\u011futma Ltd. \u015eti.<\/strong>\u2019nin yeni ve g\u00fc\u00e7l\u00fc markas\u0131d\u0131r. Erbil Is\u0131tma So\u011futma, sekt\u00f6re ad\u0131m att\u0131\u011f\u0131 g\u00fcnden bu yana d\u00fcnyan\u0131n \u00f6nde gelen markalar\u0131yla i\u015f birli\u011fi yaparak m\u00fc\u015fteri memnuniyetine odaklanm\u0131\u015ft\u0131r.<\/p><p>Bu de\u011ferli i\u015f birliklerinden elde etti\u011fi bilgi birikimi ve tecr\u00fcbeyi, kombi servis hizmetlerinde yeni bir marka \u00e7at\u0131s\u0131 alt\u0131nda birle\u015ftiren ismailerbil.com, m\u00fc\u015fterilerine en iyi, en kaliteli ve en h\u0131zl\u0131 hizmeti sunmay\u0131 kendine ilke edinmi\u015ftir.<\/p>\t\t\t\t\t\t\t<\/div>\n\t\t\t\t\t\t\t<div class=\"about-button\">\n\t\t\t\t\t\t\t\t\t\t\t\t\t\t\t<\/div>\n\t\t\t\t\t\t<\/div>\n\t\t\t\t\t<\/div>\n\t\t\t\t<\/div>\n\t\t\t<\/div>\n\t\t<\/div>\n\t\t\t\t<\/div>\n\t\t\t\t<\/div>\n\t\t\t\t\t<\/div>\n\t\t<\/div>\n\t\t\t\t\t<\/div>\n\t\t<\/section>\n\t\t<div class=\"elementor-element elementor-element-a33d8ba e-flex e-con-boxed e-con e-parent\" data-id=\"a33d8ba\" data-element_type=\"container\">\n\t\t\t\t\t<div class=\"e-con-inner\">\n\t\t<div class=\"elementor-element elementor-element-0b816ca e-con-full e-flex e-con e-child\" data-id=\"0b816ca\" data-element_type=\"container\">\n\t\t\t\t<div class=\"elementor-element elementor-element-801b60f elementor-view-default elementor-widget elementor-widget-icon\" data-id=\"801b60f\" data-element_type=\"widget\" data-widget_type=\"icon.default\">\n\t\t\t\t<div class=\"elementor-widget-container\">\n\t\t\t\t\t\t\t<div class=\"elementor-icon-wrapper\">\n\t\t\t<div class=\"elementor-icon\">\n\t\t\t<svg aria-hidden=\"true\" class=\"e-font-icon-svg e-far-money-bill-alt\" viewBox=\"0 0 640 512\" xmlns=\"http:\/\/www.w3.org\/2000\/svg\"><path d=\"M320 144c-53.02 0-96 50.14-96 112 0 61.85 42.98 112 96 112 53 0 96-50.13 96-112 0-61.86-42.98-112-96-112zm40 168c0 4.42-3.58 8-8 8h-64c-4.42 0-8-3.58-8-8v-16c0-4.42 3.58-8 8-8h16v-55.44l-.47.31a7.992 7.992 0 0 1-11.09-2.22l-8.88-13.31a7.992 7.992 0 0 1 2.22-11.09l15.33-10.22a23.99 23.99 0 0 1 13.31-4.03H328c4.42 0 8 3.58 8 8v88h16c4.42 0 8 3.58 8 8v16zM608 64H32C14.33 64 0 78.33 0 96v320c0 17.67 14.33 32 32 32h576c17.67 0 32-14.33 32-32V96c0-17.67-14.33-32-32-32zm-16 272c-35.35 0-64 28.65-64 64H112c0-35.35-28.65-64-64-64V176c35.35 0 64-28.65 64-64h416c0 35.35 28.65 64 64 64v160z\"><\/path><\/svg>\t\t\t<\/div>\n\t\t<\/div>\n\t\t\t\t\t\t<\/div>\n\t\t\t\t<\/div>\n\t\t\t\t<div class=\"elementor-element elementor-element-a9eb9fd elementor-widget elementor-widget-heading\" data-id=\"a9eb9fd\" data-element_type=\"widget\" data-widget_type=\"heading.default\">\n\t\t\t\t<div class=\"elementor-widget-container\">\n\t\t\t\t\t<h4 class=\"elementor-heading-title elementor-size-default\">D\u00fc\u015f\u00fck Fiyat <\/h4>\t\t\t\t<\/div>\n\t\t\t\t<\/div>\n\t\t\t\t<\/div>\n\t\t<div class=\"elementor-element elementor-element-7f3ef67 e-con-full e-flex e-con e-child\" data-id=\"7f3ef67\" data-element_type=\"container\">\n\t\t\t\t<div class=\"elementor-element elementor-element-d78668b elementor-view-default elementor-widget elementor-widget-icon\" data-id=\"d78668b\" data-element_type=\"widget\" data-widget_type=\"icon.default\">\n\t\t\t\t<div class=\"elementor-widget-container\">\n\t\t\t\t\t\t\t<div class=\"elementor-icon-wrapper\">\n\t\t\t<div class=\"elementor-icon\">\n\t\t\t<svg aria-hidden=\"true\" class=\"e-font-icon-svg e-fas-heart\" viewBox=\"0 0 512 512\" xmlns=\"http:\/\/www.w3.org\/2000\/svg\"><path d=\"M462.3 62.6C407.5 15.9 326 24.3 275.7 76.2L256 96.5l-19.7-20.3C186.1 24.3 104.5 15.9 49.7 62.6c-62.8 53.6-66.1 149.8-9.9 207.9l193.5 199.8c12.5 12.9 32.8 12.9 45.3 0l193.5-199.8c56.3-58.1 53-154.3-9.8-207.9z\"><\/path><\/svg>\t\t\t<\/div>\n\t\t<\/div>\n\t\t\t\t\t\t<\/div>\n\t\t\t\t<\/div>\n\t\t\t\t<div class=\"elementor-element elementor-element-9073f67 elementor-widget elementor-widget-heading\" data-id=\"9073f67\" data-element_type=\"widget\" data-widget_type=\"heading.default\">\n\t\t\t\t<div class=\"elementor-widget-container\">\n\t\t\t\t\t<h4 class=\"elementor-heading-title elementor-size-default\">Garanti \u0130\u015f\u00e7ilik<\/h4>\t\t\t\t<\/div>\n\t\t\t\t<\/div>\n\t\t\t\t<\/div>\n\t\t<div class=\"elementor-element elementor-element-0989b7f e-con-full e-flex e-con e-child\" data-id=\"0989b7f\" data-element_type=\"container\">\n\t\t\t\t<div class=\"elementor-element elementor-element-c10c9f2 elementor-view-default elementor-widget elementor-widget-icon\" data-id=\"c10c9f2\" data-element_type=\"widget\" data-widget_type=\"icon.default\">\n\t\t\t\t<div class=\"elementor-widget-container\">\n\t\t\t\t\t\t\t<div class=\"elementor-icon-wrapper\">\n\t\t\t<div class=\"elementor-icon\">\n\t\t\t<svg aria-hidden=\"true\" class=\"e-font-icon-svg e-far-user-circle\" viewBox=\"0 0 496 512\" xmlns=\"http:\/\/www.w3.org\/2000\/svg\"><path d=\"M248 104c-53 0-96 43-96 96s43 96 96 96 96-43 96-96-43-96-96-96zm0 144c-26.5 0-48-21.5-48-48s21.5-48 48-48 48 21.5 48 48-21.5 48-48 48zm0-240C111 8 0 119 0 256s111 248 248 248 248-111 248-248S385 8 248 8zm0 448c-49.7 0-95.1-18.3-130.1-48.4 14.9-23 40.4-38.6 69.6-39.5 20.8 6.4 40.6 9.6 60.5 9.6s39.7-3.1 60.5-9.6c29.2 1 54.7 16.5 69.6 39.5-35 30.1-80.4 48.4-130.1 48.4zm162.7-84.1c-24.4-31.4-62.1-51.9-105.1-51.9-10.2 0-26 9.6-57.6 9.6-31.5 0-47.4-9.6-57.6-9.6-42.9 0-80.6 20.5-105.1 51.9C61.9 339.2 48 299.2 48 256c0-110.3 89.7-200 200-200s200 89.7 200 200c0 43.2-13.9 83.2-37.3 115.9z\"><\/path><\/svg>\t\t\t<\/div>\n\t\t<\/div>\n\t\t\t\t\t\t<\/div>\n\t\t\t\t<\/div>\n\t\t\t\t<div class=\"elementor-element elementor-element-60697d5 elementor-widget elementor-widget-heading\" data-id=\"60697d5\" data-element_type=\"widget\" data-widget_type=\"heading.default\">\n\t\t\t\t<div class=\"elementor-widget-container\">\n\t\t\t\t\t<h4 class=\"elementor-heading-title elementor-size-default\">\u00dccretsiz Ke\u015fif<\/h4>\t\t\t\t<\/div>\n\t\t\t\t<\/div>\n\t\t\t\t<\/div>\n\t\t\t\t\t<\/div>\n\t\t\t\t<\/div>\n\t\t\t\t<\/div>\n\t\t","protected":false},"excerpt":{"rendered":"Hakk\u0131m\u0131zda G\u00fcvenin ve Kalitenin Ad\u0131 ismailerbil.com, \u0131s\u0131tma ve so\u011futma sekt\u00f6r\u00fcnde 10 y\u0131ll\u0131k deneyime sahip\u00a0Erbil Is\u0131tma So\u011futma Ltd. \u015eti.\u2019nin yeni ve g\u00fc\u00e7l\u00fc markas\u0131d\u0131r. Erbil Is\u0131tma So\u011futma, sekt\u00f6re ad\u0131m att\u0131\u011f\u0131 g\u00fcnden bu yana d\u00fcnyan\u0131n \u00f6nde gelen markalar\u0131yla i\u015f birli\u011fi yaparak m\u00fc\u015fteri memnuniyetine odaklanm\u0131\u015ft\u0131r. Bu de\u011ferli i\u015f birliklerinden elde etti\u011fi bilgi birikimi ve tecr\u00fcbeyi, kombi servis hizmetlerinde yeni ","protected":false},"author":1,"featured_media":0,"parent":0,"menu_order":0,"comment_status":"closed","ping_status":"closed","template":"elementor_header_footer","meta":{"footnotes":""},"class_list":["post-17","page","type-page","status-publish","hentry"],"_links":{"self":[{"href":"https:\/\/erbilisitma.com\/index.php?rest_route=\/wp\/v2\/pages\/17","targetHints":{"allow":["GET"]}}],"collection":[{"href":"https:\/\/erbilisitma.com\/index.php?rest_route=\/wp\/v2\/pages"}],"about":[{"href":"https:\/\/erbilisitma.com\/index.php?rest_route=\/wp\/v2\/types\/page"}],"author":[{"embeddable":true,"href":"https:\/\/erbilisitma.com\/index.php?rest_route=\/wp\/v2\/users\/1"}],"replies":[{"embeddable":true,"href":"https:\/\/erbilisitma.com\/index.php?rest_route=%2Fwp%2Fv2%2Fcomments&post=17"}],"version-history":[{"count":8,"href":"https:\/\/erbilisitma.com\/index.php?rest_route=\/wp\/v2\/pages\/17\/revisions"}],"predecessor-version":[{"id":870,"href":"https:\/\/erbilisitma.com\/index.php?rest_route=\/wp\/v2\/pages\/17\/revisions\/870"}],"wp:attachment":[{"href":"https:\/\/erbilisitma.com\/index.php?rest_route=%2Fwp%2Fv2%2Fmedia&parent=17"}],"curies":[{"name":"wp","href":"https:\/\/api.w.org\/{rel}","templated":true}]}}